{"id":152,"date":"2026-03-08T16:42:56","date_gmt":"2026-03-08T15:42:56","guid":{"rendered":"https:\/\/majastoppa.pl\/?page_id=152"},"modified":"2026-03-08T17:00:14","modified_gmt":"2026-03-08T16:00:14","slug":"kontrakt-terapeutyczny","status":"publish","type":"page","link":"https:\/\/majastoppa.pl\/index.php\/kontrakt-terapeutyczny\/","title":{"rendered":"Kontrakt terapeutyczny"},"content":{"rendered":"<p>[et_pb_section fb_built=\u201c1\u201d admin_label=\u201cHeader\u201d _builder_version=\u201c4.27.4\u201d _module_preset=\u201cdefault\u201d background_color=\u201d#FFFFFF\u201d background_image=\u201chttps:\/\/majastoppa.pl\/wp-content\/uploads\/2026\/03\/daiga-ellaby-ClWvcrkBhMY-unsplash-scaled.jpg\u201d background_position=\u201ctop_center\u201d background_vertical_offset=\u201c59%\u201d custom_padding=\u201d||10vw||false|false\u201d bottom_divider_style=\u201ccurve\u201d bottom_divider_color=\u201d#ffffff\u201d bottom_divider_height=\u201c8vw\u201d bottom_divider_flip=\u201cvertical\u201d bottom_divider_arrangement=\u201cabove_content\u201d hover_enabled=\u201c0\u201d collapsed=\u201con\u201d global_colors_info=\u201d{}\u201d title_text=\u201cdaiga-ellaby-ClWvcrkBhMY-unsplash\u201d sticky_enabled=\u201c0\u201d][et_pb_row column_structure=\u201c2_3,1_3\u201d _builder_version=\u201c4.27.4\u201d _module_preset=\u201cdefault\u201d z_index=\u201c10\u201d custom_padding=\u201c200px||200px||false|false\u201d global_colors_info=\u201d{}\u201d][et_pb_column type=\u201c2_3\u201d admin_label=\u201cKolumna\u201d _builder_version=\u201c4.17.1\u201d _module_preset=\u201cdefault\u201d global_colors_info=\u201d{}\u201d][\/et_pb_column][et_pb_column type=\u201c1_3\u201d _builder_version=\u201c4.17.1\u201d _module_preset=\u201cdefault\u201d global_colors_info=\u201d{}\u201d][\/et_pb_column][\/et_pb_row][\/et_pb_section][et_pb_section fb_built=\u201c1\u201d admin_label=\u201cIle czas trwa psychoterapia\u201d _builder_version=\u201c4.17.3\u201d _module_preset=\u201cdefault\u201d custom_padding=\u201c0px||||false|false\u201d collapsed=\u201coff\u201d global_colors_info=\u201d{}\u201d][et_pb_row _builder_version=\u201c4.27.4\u201d _module_preset=\u201cdefault\u201d global_colors_info=\u201d{}\u201d][et_pb_column type=\u201c4_4\u201d _builder_version=\u201c4.27.4\u201d _module_preset=\u201cdefault\u201d global_colors_info=\u201d{}\u201d][et_pb_text _builder_version=\u201c4.27.4\u201d _module_preset=\u201cb327cbe4-b1d5-4b66-ad37-40c8f2f061ba\u201d header_2_font=\u201cCormorant Garamond|700|||||||\u201d header_2_text_color=\u201d#22434A\u201d header_2_font_size=\u201c60px\u201d header_2_line_height=\u201c1.2em\u201d custom_margin=\u201d||0px||false|false\u201d header_2_font_size_tablet=\u201c32px\u201d header_2_font_size_phone=\u201c26px\u201d header_2_font_size_last_edited=\u201con|tablet\u201d global_colors_info=\u201d{}\u201d]<\/p>\n<h2>Kontrakt terapeutyczny<\/h2>\n<p>[\/et_pb_text][et_pb_text _builder_version=\u201c4.27.4\u201d _module_preset=\u201c1f09816e-184e-4ce5-a4cf-b39c52c423ca\u201d text_font=\u201cInter||||||||\u201d text_text_color=\u201d#22434A\u201d text_font_size=\u201c18px\u201d text_line_height=\u201c1.8em\u201d ul_line_height=\u201c1.2em\u201d ol_line_height=\u201c1.6em\u201d text_font_size_tablet=\u201c16px\u201d text_font_size_phone=\u201c14px\u201d text_font_size_last_edited=\u201con|tablet\u201d header_font_size_tablet=\u201c55px\u201d header_font_size_last_edited=\u201coff|desktop\u201d global_colors_info=\u201d{}\u201d]<\/p>\n<p style=\"font-weight: 400;\"><strong>Cel terapii<\/strong>: Okre\u015blany jest indywidualnie w&nbsp;dialogu mi\u0119dzy stronami. Jego osi\u0105gni\u0119cie zale\u017cy w&nbsp;takim samym stopniu od zaanga\u017cowania klienta\/klientki i&nbsp;psychoterapeutki. Cel terapii mo\u017ce ulec zmianie w&nbsp;trakcie jej trwania.<\/p>\n<p style=\"font-weight: 400;\"><strong>Cz\u0119stotliwo\u015b\u0107 sesji<\/strong>: Sesje terapeutyczne realizowane s\u0105 raz w&nbsp;tygodniu (poza ustalonymi przez obie strony wyj\u0105tkami od tej zasady).<\/p>\n<p style=\"font-weight: 400;\"><strong>Czas trwania sesji<\/strong>: 50 min.<\/p>\n<p style=\"font-weight: 400;\"><strong>D\u0142ugo\u015b\u0107 wsp\u00f3\u0142pracy<\/strong>: kontrakt terapeutyczny zawarty zostaje na czas nieokre\u015blony. Obie strony maj\u0105 prawo do zako\u0144czenia wsp\u00f3\u0142pracy w&nbsp;dowolnym momencie z&nbsp;zastosowaniem opisanych poni\u017cej zasad.<\/p>\n<p style=\"font-weight: 400;\"><strong>Zasady odwo\u0142ywania sesji<\/strong>: Klient\/klientka mo\u017ce odwo\u0142a\u0107 sesj\u0119 z&nbsp;48-godzinnym wyprzedzeniem, aby unikn\u0105\u0107 op\u0142at. W&nbsp;przypadku p\u00f3\u017aniejszego odwo\u0142ania sesji jest ona p\u0142atna niezale\u017cnie od powodu nieobecno\u015bci.<\/p>\n<p style=\"font-weight: 400;\"><strong>Op\u0142aty<\/strong>: Koszt sesji to 200 z\u0142, p\u0142atne Przelewem (chyba, \u017ce strony ustal\u0105 inaczej) po ka\u017cdej sesji lub na koniec danego miesi\u0105ca.<\/p>\n<p style=\"font-weight: 400;\">Na wskazane konto: 12 1090 2590 0000 0001 3019 5897<br>ROCKET STUDIO SP. Z&nbsp;O.O; UL. L\u0118BORSKA 3B; 80\u2013386 GDA\u0143SK<br>W tytule przelewu wpisujemy dat\u0119 sesji lub miesi\u0105c, za kt\u00f3ry wnoszona jest op\u0142ata.<\/p>\n<p style=\"font-weight: 400;\">W wyj\u0105tkowych sytuacjach istnieje mo\u017cliwo\u015b\u0107 prze\u0142o\u017cenia terminu sesji lub jej odrobienia.<\/p>\n<p style=\"font-weight: 400;\"><strong>Poufno\u015b\u0107<\/strong>: Psychoterapeutka zobowi\u0105zuje si\u0119 do zachowania tajemnicy uzyskanych od klienta\/klientki informacji.<\/p>\n<p style=\"font-weight: 400;\"><strong>Wyj\u0105tki od poufno\u015bci<\/strong>: Terapeutka mo\u017ce by\u0107 zobowi\u0105zana do ujawnienia informacji w&nbsp;przypadku, gdy tak stanowi prawo lub wyst\u0119puje zagro\u017cenie \u017cycie klienta lub innych os\u00f3b.<\/p>\n<p style=\"font-weight: 400;\">Klient\/klientka wyra\u017ca r\u00f3wnie\u017c zgod\u0119 na ujawnienie tajemnicy w&nbsp;przypadku skorzystania przez psychoterapeutk\u0119 z&nbsp;konsultacji z&nbsp;lekarzem specjalist\u0105 np. psychiatr\u0105, psychoterapeut\u0105-superwizorem w&nbsp;kwestii stanu zdrowia pacjenta lub przebiegu procesu psychoterapeutycznego<\/p>\n<p style=\"font-weight: 400;\"><strong>W przypadkach kryzysowych zagra\u017caj\u0105cych \u017cyciu pacjenta, wyra\u017ca on zgod\u0119 na kontakt z&nbsp;jego rodzin\u0105 \/osob\u0105 blisk\u0105 <\/strong>lub z&nbsp;odpowiednimi s\u0142u\u017cbami.<\/p>\n<p style=\"font-weight: 400;\"><strong>Zasady zako\u0144czenia terapii<\/strong>: O&nbsp;zako\u0144czeniu terapii mo\u017ce zdecydowa\u0107 klient(ka) i\/lub terapeutka. W&nbsp;przypadku decyzji o&nbsp;zako\u0144czeniu terapii obie strony zobowi\u0105zuj\u0105 si\u0119 do odbycia minimum 2&nbsp;sesji w&nbsp;celu domkni\u0119cia rozpocz\u0119tych w\u0105tk\u00f3w i&nbsp;om\u00f3wienia procesu ko\u0144czenia.<\/p>\n<p>[\/et_pb_text][\/et_pb_column][\/et_pb_row][\/et_pb_section][et_pb_section fb_built=\u201c1\u201d custom_padding_last_edited=\u201con|desktop\u201d prev_background_color=\u201d#ffffff\u201d admin_label=\u201cFooter\u201d _builder_version=\u201c4.27.4\u201d _module_preset=\u201cdefault\u201d background_color=\u201d#bfa66d\u201d background_image=\u201chttps:\/\/majastoppa.pl\/wp-content\/uploads\/2026\/03\/flowers-6201439_1920.jpg\u201d background_position=\u201ctop_center\u201d background_vertical_offset=\u201c20%\u201d min_height=\u201c335px\u201d custom_padding=\u201d||||false|false\u201d custom_padding_tablet=\u201d||||false|false\u201d custom_padding_phone=\u201d||||false|false\u201d top_divider_style=\u201ccurve2\u201d top_divider_height=\u201c148px\u201d top_divider_repeat=\u201c1x\u201d saved_tabs=\u201call\u201d collapsed=\u201con\u201d global_colors_info=\u201d{}\u201d][et_pb_row _builder_version=\u201c4.27.4\u201d _module_preset=\u201cdefault\u201d custom_padding=\u201c200px||200px||false|false\u201d global_colors_info=\u201d{}\u201d][et_pb_column type=\u201c4_4\u201d _builder_version=\u201c4.27.4\u201d _module_preset=\u201cdefault\u201d global_colors_info=\u201d{}\u201d][\/et_pb_column][\/et_pb_row][\/et_pb_section]<\/p>\n","protected":false},"excerpt":{"rendered":"<p>Kontrakt terapeutycznyCel terapii: Okre\u015blany jest indywidualnie w&nbsp;dialogu mi\u0119dzy stronami. Jego osi\u0105gni\u0119cie zale\u017cy w&nbsp;takim samym stopniu od zaanga\u017cowania klienta\/klientki i&nbsp;psychoterapeutki. Cel terapii mo\u017ce ulec zmianie w&nbsp;trakcie jej trwania. Cz\u0119stotliwo\u015b\u0107 sesji: Sesje terapeutyczne realizowane s\u0105 raz w&nbsp;tygodniu (poza ustalonymi przez obie strony wyj\u0105tkami od tej zasady). Czas trwania sesji: 50 min. D\u0142ugo\u015b\u0107 wsp\u00f3\u0142pracy: [\u2026]<\/p>\n","protected":false},"author":1,"featured_media":0,"parent":0,"menu_order":0,"comment_status":"closed","ping_status":"closed","template":"","meta":{"_et_pb_use_builder":"on","_et_pb_old_content":"","_et_gb_content_width":"","wp_typography_post_enhancements_disabled":false,"footnotes":""},"class_list":["post-152","page","type-page","status-publish","hentry"],"_links":{"self":[{"href":"https:\/\/majastoppa.pl\/index.php\/wp-json\/wp\/v2\/pages\/152","targetHints":{"allow":["GET"]}}],"collection":[{"href":"https:\/\/majastoppa.pl\/index.php\/wp-json\/wp\/v2\/pages"}],"about":[{"href":"https:\/\/majastoppa.pl\/index.php\/wp-json\/wp\/v2\/types\/page"}],"author":[{"embeddable":true,"href":"https:\/\/majastoppa.pl\/index.php\/wp-json\/wp\/v2\/users\/1"}],"replies":[{"embeddable":true,"href":"https:\/\/majastoppa.pl\/index.php\/wp-json\/wp\/v2\/comments?post=152"}],"version-history":[{"count":8,"href":"https:\/\/majastoppa.pl\/index.php\/wp-json\/wp\/v2\/pages\/152\/revisions"}],"predecessor-version":[{"id":177,"href":"https:\/\/majastoppa.pl\/index.php\/wp-json\/wp\/v2\/pages\/152\/revisions\/177"}],"wp:attachment":[{"href":"https:\/\/majastoppa.pl\/index.php\/wp-json\/wp\/v2\/media?parent=152"}],"curies":[{"name":"wp","href":"https:\/\/api.w.org\/{rel}","templated":true}]}}